{"id":34,"date":"2025-03-27T00:14:42","date_gmt":"2025-03-27T00:14:42","guid":{"rendered":"https:\/\/punplaymarketing.com\/?page_id=34"},"modified":"2025-03-28T10:23:19","modified_gmt":"2025-03-28T10:23:19","slug":"home","status":"publish","type":"page","link":"https:\/\/punplaymarketing.com\/","title":{"rendered":""},"content":{"rendered":"<p><!--themify_builder_static--><img decoding=\"async\" src=\"https:\/\/punplaymarketing.com\/wp-content\/uploads\/2025\/03\/call-center.jpg\" title=\"call center\" alt=\"call center\" srcset=\"https:\/\/punplaymarketing.com\/wp-content\/uploads\/2025\/03\/call-center.jpg 1200w, https:\/\/punplaymarketing.com\/wp-content\/uploads\/2025\/03\/call-center-300x169.jpg 300w, https:\/\/punplaymarketing.com\/wp-content\/uploads\/2025\/03\/call-center-1024x576.jpg 1024w, https:\/\/punplaymarketing.com\/wp-content\/uploads\/2025\/03\/call-center-768x432.jpg 768w\" sizes=\"(max-width: 1200px) 100vw, 1200px\" \/><\/p>\n<h3>Especialistas en Call Centers<\/h3>\n<p>En Punplay, entendemos la importancia de una atenci\u00f3n r\u00e1pida, eficiente y personalizada. Nuestro equipo de especialistas est\u00e1 preparado para ofrecer soporte a tus clientes, resolver incidencias y garantizar una experiencia sin complicaciones.<\/p>\n<h3>Nuestros servicios<\/h3>\n<h4>Soporte Multicanal<\/h4>\n<ul>\n<li>Atendemos llamadas<\/li>\n<li>Servicios por correo<\/li>\n<li>Stenci\u00f3n por chats y redes sociales<\/li>\n<\/ul>\n<p>Todos los canales necesarios para que tus clientes reciban asistencia donde lo necesiten en cualquier momento.<\/p>\n<p><img loading=\"lazy\" decoding=\"async\" src=\"https:\/\/punplaymarketing.com\/wp-content\/uploads\/2025\/03\/call-center-03-400x400.jpg\" width=\"400\" height=\"400\" title=\"call center 03\" alt=\"call center 03\" srcset=\"https:\/\/punplaymarketing.com\/wp-content\/uploads\/2025\/03\/call-center-03-400x400.jpg 400w, https:\/\/punplaymarketing.com\/wp-content\/uploads\/2025\/03\/call-center-03-300x300.jpg 300w, https:\/\/punplaymarketing.com\/wp-content\/uploads\/2025\/03\/call-center-03-150x150.jpg 150w, https:\/\/punplaymarketing.com\/wp-content\/uploads\/2025\/03\/call-center-03.jpg 512w\" sizes=\"auto, (max-width: 400px) 100vw, 400px\" \/><br \/>\n<img loading=\"lazy\" decoding=\"async\" src=\"https:\/\/punplaymarketing.com\/wp-content\/uploads\/2025\/03\/call-center-02-400x400.jpg\" width=\"400\" height=\"400\" title=\"call center 02\" alt=\"call center\" srcset=\"https:\/\/punplaymarketing.com\/wp-content\/uploads\/2025\/03\/call-center-02-400x400.jpg 400w, https:\/\/punplaymarketing.com\/wp-content\/uploads\/2025\/03\/call-center-02-300x300.jpg 300w, https:\/\/punplaymarketing.com\/wp-content\/uploads\/2025\/03\/call-center-02-150x150.jpg 150w, https:\/\/punplaymarketing.com\/wp-content\/uploads\/2025\/03\/call-center-02.jpg 512w\" sizes=\"auto, (max-width: 400px) 100vw, 400px\" \/><\/p>\n<h4>Gesti\u00f3n de Incidencias<\/h4>\n<p>Detectamos, clasificamos y resolvemos problemas con rapidez, minimizando tiempos de espera y mejorando la satisfacci\u00f3n del cliente, lo que te proporciona.<\/p>\n<ul>\n<li>Mejor retenci\u00f3n de los clientes<\/li>\n<li>Menor porcentaje de incidencias no resueltas<\/li>\n<li>Mejores valoraciones en los sitios especializados, aumentando as\u00ed tu reputaci\u00f3n.<\/li>\n<\/ul>\n<h4>Atenci\u00f3n 24\/7<\/h4>\n<p>Disponibilidad total para asegurar que ning\u00fan cliente se quede sin respuesta. Con esta soluci\u00f3n podr\u00e1s conseguir lo que pocos pueden:<\/p>\n<ul>\n<li>Atenci\u00f3n en pa\u00edses con diferentes zonas horarias<\/li>\n<li>Resoluci\u00f3n de aver\u00edas e incidencias t\u00e9cnicas de urgencia<\/li>\n<li>Contacto f\u00e1cil con servicios t\u00e9cnicos y profesionales sin esperas<\/li>\n<li>Menor acumulaci\u00f3n de resoluci\u00f3n de incidencias<\/li>\n<\/ul>\n<p><img loading=\"lazy\" decoding=\"async\" src=\"https:\/\/punplaymarketing.com\/wp-content\/uploads\/2025\/03\/call-center-01-400x400.jpg\" width=\"400\" height=\"400\" title=\"call center\" alt=\"call center 03\" srcset=\"https:\/\/punplaymarketing.com\/wp-content\/uploads\/2025\/03\/call-center-01-400x400.jpg 400w, https:\/\/punplaymarketing.com\/wp-content\/uploads\/2025\/03\/call-center-01-300x300.jpg 300w, https:\/\/punplaymarketing.com\/wp-content\/uploads\/2025\/03\/call-center-01-150x150.jpg 150w, https:\/\/punplaymarketing.com\/wp-content\/uploads\/2025\/03\/call-center-01.jpg 512w\" sizes=\"auto, (max-width: 400px) 100vw, 400px\" \/><br \/>\n<img loading=\"lazy\" decoding=\"async\" src=\"https:\/\/punplaymarketing.com\/wp-content\/uploads\/2025\/03\/comunicacion-clientes-1-400x400.jpg\" width=\"400\" height=\"400\" title=\"comunicacion con cliente por call center\" alt=\"call center\" srcset=\"https:\/\/punplaymarketing.com\/wp-content\/uploads\/2025\/03\/comunicacion-clientes-1-400x400.jpg 400w, https:\/\/punplaymarketing.com\/wp-content\/uploads\/2025\/03\/comunicacion-clientes-1-300x300.jpg 300w, https:\/\/punplaymarketing.com\/wp-content\/uploads\/2025\/03\/comunicacion-clientes-1-150x150.jpg 150w, https:\/\/punplaymarketing.com\/wp-content\/uploads\/2025\/03\/comunicacion-clientes-1.jpg 512w\" sizes=\"auto, (max-width: 400px) 100vw, 400px\" \/><\/p>\n<h4>Soluciones Personalizadas<\/h4>\n<p>Nos adaptamos a las necesidades de tu empresa y sector para ofrecer respuestas efectivas y alineadas con tus objetivos.<\/p>\n<ul>\n<li>Especialistas en sector tecnol\u00f3gico.<\/li>\n<li>Resoluci\u00f3n de reclamaciones en Ecommerce de todo tipo<\/li>\n<li>Gesti\u00f3n de agenda y reservas para negocios de todo tipo<\/li>\n<\/ul>\n<p><!--\/themify_builder_static--><\/p>\n","protected":false},"excerpt":{"rendered":"<p>Especialistas en Call Centers En Punplay, entendemos la importancia de una atenci\u00f3n r\u00e1pida, eficiente y personalizada. Nuestro equipo de especialistas est\u00e1 preparado para ofrecer soporte a tus clientes, resolver incidencias y garantizar una experiencia sin complicaciones. Nuestros servicios Soporte Multicanal Atendemos llamadas Servicios por correo Stenci\u00f3n por chats y redes sociales Todos los canales necesarios &#8230; <a title=\"\" class=\"read-more\" href=\"https:\/\/punplaymarketing.com\/\" aria-label=\"Leer m\u00e1s sobre \">Leer m\u00e1s<\/a><\/p>\n","protected":false},"author":1,"featured_media":0,"parent":0,"menu_order":0,"comment_status":"closed","ping_status":"closed","template":"","meta":{"footnotes":""},"class_list":["post-34","page","type-page","status-publish"],"jetpack_sharing_enabled":true,"_links":{"self":[{"href":"https:\/\/punplaymarketing.com\/index.php?rest_route=\/wp\/v2\/pages\/34","targetHints":{"allow":["GET"]}}],"collection":[{"href":"https:\/\/punplaymarketing.com\/index.php?rest_route=\/wp\/v2\/pages"}],"about":[{"href":"https:\/\/punplaymarketing.com\/index.php?rest_route=\/wp\/v2\/types\/page"}],"author":[{"embeddable":true,"href":"https:\/\/punplaymarketing.com\/index.php?rest_route=\/wp\/v2\/users\/1"}],"replies":[{"embeddable":true,"href":"https:\/\/punplaymarketing.com\/index.php?rest_route=%2Fwp%2Fv2%2Fcomments&post=34"}],"version-history":[{"count":23,"href":"https:\/\/punplaymarketing.com\/index.php?rest_route=\/wp\/v2\/pages\/34\/revisions"}],"predecessor-version":[{"id":90,"href":"https:\/\/punplaymarketing.com\/index.php?rest_route=\/wp\/v2\/pages\/34\/revisions\/90"}],"wp:attachment":[{"href":"https:\/\/punplaymarketing.com\/index.php?rest_route=%2Fwp%2Fv2%2Fmedia&parent=34"}],"curies":[{"name":"wp","href":"https:\/\/api.w.org\/{rel}","templated":true}]}}